{"id":11,"date":"2009-12-18T17:41:01","date_gmt":"2009-12-19T00:41:01","guid":{"rendered":"http:\/\/donatismus.plgo.info\/?page_id=11"},"modified":"2009-12-18T17:41:01","modified_gmt":"2009-12-19T00:41:01","slug":"monceaux-histoire-litteraire-de-lafrique-chretienne-depuis-les-origines-jusqu-a-linvasion-arabe-1901","status":"publish","type":"page","link":"http:\/\/donatismus.plgo.org\/?page_id=11","title":{"rendered":"Monceaux. Histoire litt\u00e9raire de l&#8217;Afrique chr\u00e9tienne depuis les origines jusqu&#8217; \u00e0 l&#8217;invasion arabe. 1901."},"content":{"rendered":"<blockquote>\n<h2 style=\"text-align: center;\"><strong>HISTOIRE LITT\u00c9RAIRE<br \/>\n<\/strong><\/h2>\n<h2 style=\"text-align: center;\"><strong> DE<br \/>\n<\/strong><\/h2>\n<h2 style=\"text-align: center;\"><strong> L&#8217;AFRIQUE CHR\u00c9TIENNE<br \/>\n<\/strong><\/h2>\n<p style=\"text-align: center;\"><strong> DEPUIS LES ORIGINES JUSQU&#8217;A L&#8217;INVASION ARABE<\/strong><br \/>\nPAR<\/p>\n<h2 style=\"text-align: center;\"><strong>PAUL MONCEAUX<\/strong><\/h2>\n<p style=\"text-align: center;\">DOCTEUR ES LETTRES<\/p>\n<p style=\"text-align: center;\">PARIS<br \/>\nERNEST LEROUX, \u00c9DITEUR<br \/>\n28, RUE BONAPARTE, 28<br \/>\n1901<\/p>\n<p><strong>Tome 1. Tertullien et les origines<br \/>\nTome 2. Saint Cyprien et son temps<br \/>\nTome 3. Le IV si\u00e8cle d&#8217;Arnobe \u00e0 Victorin<br \/>\nTome 4. Le Donatisme<br \/>\nTome 5. Saint Optat et les premiers \u00e9crivains Donatistes<br \/>\nTome 6. Litt\u00e9rature Donatiste au temps de Saint Augustin<br \/>\nTome 7. Saint Augustin et le Donatisme<\/strong><\/p><\/blockquote>\n<table class=\"resultsTable\" border=\"0\">\n<tbody>\n<tr class=\"hitRow\">\n<td class=\"numberCell\"><img decoding=\"async\" src=\"http:\/\/www.archive.org\/images\/mediatype_texts.gif\" alt=\"[texts]\" \/><\/td>\n<td class=\"hitCell\"><a class=\"titleLink\" href=\"http:\/\/www.archive.org\/details\/histoirelittra01moncuoft\">Histoire litt\u00e9raire de l&#8217;Afrique chr\u00e9tienne depuis les origines jusqu&#8217;\u00e0 l&#8217;invasion arabe (Volume 01)<\/a> &#8211; Monceaux, Paul, 1859-1941<br \/>\nTome 1. Tertullien et les origines &#8212; t. 2. Saint Cyprien et son temps &#8212; t. 3. Le IV si\u00e8cle d&#8217;Arnobe \u00e0 Victorin &#8212; t. 4. Le Donatisme &#8212; t. 5. Saint Optat et les premiers \u00e9crivains Donatistes &#8212; t. 6. Litt\u00e9rature Donatiste au temps de Saint Augustin &#8212; t. 7. Saint Augustin et le Donatisme<br \/>\n<span style=\"font-weight:bold;\">Keywords:<\/span> <a href=\"http:\/\/www.archive.org\/search.php?query=subject%3A%22Tertullian%2C%20ca.%20160-ca.%20230%22\">Tertullian, ca. 160-ca. 230<\/a>; <a href=\"http:\/\/www.archive.org\/search.php?query=subject%3A%22Augustine%2C%20Saint%2C%20Bishop%20of%20Hippo%22\">Augustine, Saint, Bishop of Hippo<\/a>; <a href=\"http:\/\/www.archive.org\/search.php?query=subject%3A%22Cyprian%2C%20Saint%2C%20Bishop%20of%20Carthage%22\">Cyprian, Saint, Bishop of Carthage<\/a>; <a href=\"http:\/\/www.archive.org\/search.php?query=subject%3A%22Christian%20literature%2C%20Early%20--%20History%20and%20criticism%22\">Christian literature, Early &#8212; History and criticism<\/a>; <a href=\"http:\/\/www.archive.org\/search.php?query=subject%3A%22Donatists%22\">Donatists<\/a>; <a href=\"http:\/\/www.archive.org\/search.php?query=subject%3A%22Latin%20literature%20--%20Africa%2C%20North%20History%20and%20criticism%22\">Latin literature &#8212; Africa, North History and criticism<\/a>; <a href=\"http:\/\/www.archive.org\/search.php?query=subject%3A%22Africa%2C%20North%20--%20Church%20history%22\">Africa, North &#8212; Church history<\/a><br \/>\n<span style=\"font-weight:bold;\">Downloads:<\/span> 286<\/td>\n<td class=\"thumbCell\"><img loading=\"lazy\" decoding=\"async\" src=\"http:\/\/www.archive.org\/serve\/histoirelittra01moncuoft\/histoirelittra01moncuoft.gif\" alt=\"\" width=\"80\" height=\"55\" \/><\/td>\n<\/tr>\n<tr class=\"hitRow\">\n<td class=\"numberCell\"><img decoding=\"async\" src=\"http:\/\/www.archive.org\/images\/mediatype_texts.gif\" alt=\"[texts]\" \/><\/td>\n<td class=\"hitCell\"><a class=\"titleLink\" href=\"http:\/\/www.archive.org\/details\/histoirelittra02moncuoft\">Histoire litt\u00e9raire de l&#8217;Afrique chr\u00e9tienne depuis les origines jusqu&#8217;\u00e0 l&#8217;invasion arabe (Volume 02)<\/a> &#8211; Monceaux, Paul, 1859-1941<br \/>\nTome 1. Tertullien et les origines &#8212; t. 2. Saint Cyprien et son temps &#8212; t. 3. Le IV si\u00e8cle d&#8217;Arnobe \u00e0 Victorin &#8212; t. 4. Le Donatisme &#8212; t. 5. Saint Optat et les premiers \u00e9crivains Donatistes &#8212; t. 6. Litt\u00e9rature Donatiste au temps de Saint Augustin &#8212; t. 7. Saint Augustin et le Donatisme<br \/>\n<span style=\"font-weight:bold;\">Keywords:<\/span> <a href=\"http:\/\/www.archive.org\/search.php?query=subject%3A%22Tertullian%2C%20ca.%20160-ca.%20230%22\">Tertullian, ca. 160-ca. 230<\/a>; <a href=\"http:\/\/www.archive.org\/search.php?query=subject%3A%22Augustine%2C%20Saint%2C%20Bishop%20of%20Hippo%22\">Augustine, Saint, Bishop of Hippo<\/a>; <a href=\"http:\/\/www.archive.org\/search.php?query=subject%3A%22Cyprian%2C%20Saint%2C%20Bishop%20of%20Carthage%22\">Cyprian, Saint, Bishop of Carthage<\/a>; <a href=\"http:\/\/www.archive.org\/search.php?query=subject%3A%22Christian%20literature%2C%20Early%20--%20History%20and%20criticism%22\">Christian literature, Early &#8212; History and criticism<\/a>; <a href=\"http:\/\/www.archive.org\/search.php?query=subject%3A%22Donatists%22\">Donatists<\/a>; <a href=\"http:\/\/www.archive.org\/search.php?query=subject%3A%22Latin%20literature%20--%20Africa%2C%20North%20History%20and%20criticism%22\">Latin literature &#8212; Africa, North History and criticism<\/a>; <a href=\"http:\/\/www.archive.org\/search.php?query=subject%3A%22Africa%2C%20North%20--%20Church%20history%22\">Africa, North &#8212; Church history<\/a><br \/>\n<span style=\"font-weight:bold;\">Downloads:<\/span> 381<\/td>\n<td class=\"thumbCell\"><img loading=\"lazy\" decoding=\"async\" src=\"http:\/\/www.archive.org\/serve\/histoirelittra02moncuoft\/histoirelittra02moncuoft.gif\" alt=\"\" width=\"80\" height=\"55\" \/><\/td>\n<\/tr>\n<tr class=\"hitRow\">\n<td class=\"numberCell\"><img decoding=\"async\" src=\"http:\/\/www.archive.org\/images\/mediatype_texts.gif\" alt=\"[texts]\" \/><\/td>\n<td class=\"hitCell\"><a class=\"titleLink\" href=\"http:\/\/www.archive.org\/details\/histoirelittra03moncuoft\">Histoire litt\u00e9raire de l&#8217;Afrique chr\u00e9tienne depuis les origines jusqu&#8217;\u00e0 l&#8217;invasion arabe (Volume 03)<\/a> &#8211; Monceaux, Paul, 1859-1941<br \/>\nTome 1. Tertullien et les origines &#8212; t. 2. Saint Cyprien et son temps &#8212; t. 3. Le IV si\u00e8cle d&#8217;Arnobe \u00e0 Victorin &#8212; t. 4. Le Donatisme &#8212; t. 5. Saint Optat et les premiers \u00e9crivains Donatistes &#8212; t. 6. Litt\u00e9rature Donatiste au temps de Saint Augustin &#8212; t. 7. Saint Augustin et le Donatisme<br \/>\n<span style=\"font-weight:bold;\">Keywords:<\/span> <a href=\"http:\/\/www.archive.org\/search.php?query=subject%3A%22Tertullian%2C%20ca.%20160-ca.%20230%22\">Tertullian, ca. 160-ca. 230<\/a>; <a href=\"http:\/\/www.archive.org\/search.php?query=subject%3A%22Augustine%2C%20Saint%2C%20Bishop%20of%20Hippo%22\">Augustine, Saint, Bishop of Hippo<\/a>; <a href=\"http:\/\/www.archive.org\/search.php?query=subject%3A%22Cyprian%2C%20Saint%2C%20Bishop%20of%20Carthage%22\">Cyprian, Saint, Bishop of Carthage<\/a>; <a href=\"http:\/\/www.archive.org\/search.php?query=subject%3A%22Christian%20literature%2C%20Early%20--%20History%20and%20criticism%22\">Christian literature, Early &#8212; History and criticism<\/a>; <a href=\"http:\/\/www.archive.org\/search.php?query=subject%3A%22Donatists%22\">Donatists<\/a>; <a href=\"http:\/\/www.archive.org\/search.php?query=subject%3A%22Latin%20literature%20--%20Africa%2C%20North%20History%20and%20criticism%22\">Latin literature &#8212; Africa, North History and criticism<\/a>; <a href=\"http:\/\/www.archive.org\/search.php?query=subject%3A%22Africa%2C%20North%20--%20Church%20history%22\">Africa, North &#8212; Church history<\/a><br \/>\n<span style=\"font-weight:bold;\">Downloads:<\/span> 413<\/td>\n<td class=\"thumbCell\"><img loading=\"lazy\" decoding=\"async\" src=\"http:\/\/www.archive.org\/serve\/histoirelittra03moncuoft\/histoirelittra03moncuoft.gif\" alt=\"\" width=\"80\" height=\"55\" \/><\/td>\n<\/tr>\n<tr class=\"hitRow\">\n<td class=\"numberCell\"><img decoding=\"async\" src=\"http:\/\/www.archive.org\/images\/mediatype_texts.gif\" alt=\"[texts]\" \/><\/td>\n<td class=\"hitCell\"><a class=\"titleLink\" href=\"http:\/\/www.archive.org\/details\/histoirelittra04moncuoft\">Histoire litt\u00e9raire de l&#8217;Afrique chr\u00e9tienne depuis les origines jusqu&#8217;\u00e0 l&#8217;invasion arabe (Volume 04)<\/a> &#8211; Monceaux, Paul, 1859-1941<br \/>\nTome 1. Tertullien et les origines &#8212; t. 2. Saint Cyprien et son temps &#8212; t. 3. Le IV si\u00e8cle d&#8217;Arnobe \u00e0 Victorin &#8212; t. 4. Le Donatisme &#8212; t. 5. Saint Optat et les premiers \u00e9crivains Donatistes &#8212; t. 6. Litt\u00e9rature Donatiste au temps de Saint Augustin &#8212; t. 7. Saint Augustin et le Donatisme<br \/>\n<span style=\"font-weight:bold;\">Keywords:<\/span> <a href=\"http:\/\/www.archive.org\/search.php?query=subject%3A%22Tertullian%2C%20ca.%20160-ca.%20230%22\">Tertullian, ca. 160-ca. 230<\/a>; <a href=\"http:\/\/www.archive.org\/search.php?query=subject%3A%22Augustine%2C%20Saint%2C%20Bishop%20of%20Hippo%22\">Augustine, Saint, Bishop of Hippo<\/a>; <a href=\"http:\/\/www.archive.org\/search.php?query=subject%3A%22Cyprian%2C%20Saint%2C%20Bishop%20of%20Carthage%22\">Cyprian, Saint, Bishop of Carthage<\/a>; <a href=\"http:\/\/www.archive.org\/search.php?query=subject%3A%22Christian%20literature%2C%20Early%20--%20History%20and%20criticism%22\">Christian literature, Early &#8212; History and criticism<\/a>; <a href=\"http:\/\/www.archive.org\/search.php?query=subject%3A%22Donatists%22\">Donatists<\/a>; <a href=\"http:\/\/www.archive.org\/search.php?query=subject%3A%22Latin%20literature%20--%20Africa%2C%20North%20History%20and%20criticism%22\">Latin literature &#8212; Africa, North History and criticism<\/a>; <a href=\"http:\/\/www.archive.org\/search.php?query=subject%3A%22Africa%2C%20North%20--%20Church%20history%22\">Africa, North &#8212; Church history<\/a><br \/>\n<span style=\"font-weight:bold;\">Downloads:<\/span> 364<\/td>\n<td class=\"thumbCell\"><img loading=\"lazy\" decoding=\"async\" src=\"http:\/\/www.archive.org\/serve\/histoirelittra04moncuoft\/histoirelittra04moncuoft.gif\" alt=\"\" width=\"80\" height=\"55\" \/><\/td>\n<\/tr>\n<tr class=\"hitRow\">\n<td class=\"numberCell\"><img decoding=\"async\" src=\"http:\/\/www.archive.org\/images\/mediatype_texts.gif\" alt=\"[texts]\" \/><\/td>\n<td class=\"hitCell\"><a class=\"titleLink\" href=\"http:\/\/www.archive.org\/details\/histoirelittra05moncuoft\">Histoire litt\u00e9raire de l&#8217;Afrique chr\u00e9tienne depuis les origines jusqu&#8217;\u00e0 l&#8217;invasion arabe (Volume 05)<\/a> &#8211; Monceaux, Paul, 1859-1941<br \/>\nTome 1. Tertullien et les origines &#8212; t. 2. Saint Cyprien et son temps &#8212; t. 3. Le IV si\u00e8cle d&#8217;Arnobe \u00e0 Victorin &#8212; t. 4. Le Donatisme &#8212; t. 5. Saint Optat et les premiers \u00e9crivains Donatistes &#8212; t. 6. Litt\u00e9rature Donatiste au temps de Saint Augustin &#8212; t. 7. Saint Augustin et le Donatisme<br \/>\n<span style=\"font-weight:bold;\">Keywords:<\/span> <a href=\"http:\/\/www.archive.org\/search.php?query=subject%3A%22Tertullian%2C%20ca.%20160-ca.%20230%22\">Tertullian, ca. 160-ca. 230<\/a>; <a href=\"http:\/\/www.archive.org\/search.php?query=subject%3A%22Augustine%2C%20Saint%2C%20Bishop%20of%20Hippo%22\">Augustine, Saint, Bishop of Hippo<\/a>; <a href=\"http:\/\/www.archive.org\/search.php?query=subject%3A%22Cyprian%2C%20Saint%2C%20Bishop%20of%20Carthage%22\">Cyprian, Saint, Bishop of Carthage<\/a>; <a href=\"http:\/\/www.archive.org\/search.php?query=subject%3A%22Christian%20literature%2C%20Early%20--%20History%20and%20criticism%22\">Christian literature, Early &#8212; History and criticism<\/a>; <a href=\"http:\/\/www.archive.org\/search.php?query=subject%3A%22Donatists%22\">Donatists<\/a>; <a href=\"http:\/\/www.archive.org\/search.php?query=subject%3A%22Latin%20literature%20--%20Africa%2C%20North%20History%20and%20criticism%22\">Latin literature &#8212; Africa, North History and criticism<\/a>; <a href=\"http:\/\/www.archive.org\/search.php?query=subject%3A%22Africa%2C%20North%20--%20Church%20history%22\">Africa, North &#8212; Church history<\/a><br \/>\n<span style=\"font-weight:bold;\">Downloads:<\/span> 259<\/td>\n<td class=\"thumbCell\"><img loading=\"lazy\" decoding=\"async\" src=\"http:\/\/www.archive.org\/serve\/histoirelittra05moncuoft\/histoirelittra05moncuoft.gif\" alt=\"\" width=\"80\" height=\"55\" \/><\/td>\n<\/tr>\n<tr class=\"hitRow\">\n<td class=\"numberCell\"><img decoding=\"async\" src=\"http:\/\/www.archive.org\/images\/mediatype_texts.gif\" alt=\"[texts]\" \/><\/td>\n<td class=\"hitCell\"><a class=\"titleLink\" href=\"http:\/\/www.archive.org\/details\/histoirelittra0607moncuoft\">Histoire litt\u00e9raire de l&#8217;Afrique chr\u00e9tienne depuis les origines jusqu&#8217;\u00e0 l&#8217;invasion arabe (Volume 06-07)<\/a> &#8211; Monceaux, Paul, 1859-1941<br \/>\nTome 1. Tertullien et les origines &#8212; t. 2. Saint Cyprien et son temps &#8212; t. 3. Le IV si\u00e8cle d&#8217;Arnobe \u00e0 Victorin &#8212; t. 4. Le Donatisme &#8212; t. 5. Saint Optat et les premiers \u00e9crivains Donatistes &#8212; t. 6. Litt\u00e9rature Donatiste au temps de Saint Augustin &#8212; t. 7. Saint Augustin et le Donatisme<br \/>\n<span style=\"font-weight:bold;\">Keywords:<\/span> <a href=\"http:\/\/www.archive.org\/search.php?query=subject%3A%22Tertullian%2C%20ca.%20160-ca.%20230%22\">Tertullian, ca. 160-ca. 230<\/a>; <a href=\"http:\/\/www.archive.org\/search.php?query=subject%3A%22Augustine%2C%20Saint%2C%20Bishop%20of%20Hippo%22\">Augustine, Saint, Bishop of Hippo<\/a>; <a href=\"http:\/\/www.archive.org\/search.php?query=subject%3A%22Cyprian%2C%20Saint%2C%20Bishop%20of%20Carthage%22\">Cyprian, Saint, Bishop of Carthage<\/a>; <a href=\"http:\/\/www.archive.org\/search.php?query=subject%3A%22Christian%20literature%2C%20Early%20--%20History%20and%20criticism%22\">Christian literature, Early &#8212; History and criticism<\/a>; <a href=\"http:\/\/www.archive.org\/search.php?query=subject%3A%22Donatists%22\">Donatists<\/a>; <a href=\"http:\/\/www.archive.org\/search.php?query=subject%3A%22Latin%20literature%20--%20Africa%2C%20North%20History%20and%20criticism%22\">Latin literature &#8212; Africa, North History and criticism<\/a>; <a href=\"http:\/\/www.archive.org\/search.php?query=subject%3A%22Africa%2C%20North%20--%20Church%20history%22\">Africa, North &#8212; Church history<\/a><br \/>\n<span style=\"font-weight:bold;\">Downloads:<\/span> 232<\/td>\n<td class=\"thumbCell\"><img loading=\"lazy\" decoding=\"async\" src=\"http:\/\/www.archive.org\/serve\/histoirelittra0607moncuoft\/histoirelittra0607moncuoft.gif\" alt=\"\" width=\"80\" height=\"55\" \/><\/td>\n<\/tr>\n<\/tbody>\n<\/table>\n<div class=\"wp-socializer wpsr-share-icons\" data-lg-action=\"show\" data-sm-action=\"show\" data-sm-width=\"768\"><h3>Share and Enjoy !<\/h3><div class=\"wpsr-si-inner\"><div class=\"wpsr-counter wpsrc-sz-32px\" style=\"color:#000\"><span class=\"scount\" data-wpsrs=\"\" data-wpsrs-svcs=\"facebook,twitter,linkedin,pinterest,print,pdf\"><i class=\"fa fa-share-alt\" aria-hidden=\"true\"><\/i><\/span><small class=\"stext\">Shares<\/small><\/div><div class=\"socializer sr-popup sr-count-1 sr-count-1 sr-32px sr-circle sr-opacity sr-pad\"><span class=\"sr-facebook\"><a data-id=\"facebook\" style=\"color:#ffffff;\" rel=\"nofollow\" href=\"https:\/\/www.facebook.com\/share.php?u=\" target=\"_blank\" title=\"Share this on Facebook\"><i class=\"fab fa-facebook-f\"><\/i><span class=\"ctext\" data-wpsrs=\"\" data-wpsrs-svcs=\"facebook\"><\/span><\/a><\/span>\n<span class=\"sr-twitter\"><a data-id=\"twitter\" style=\"color:#ffffff;\" rel=\"nofollow\" href=\"https:\/\/twitter.com\/intent\/tweet?text=%20-%20%20\" target=\"_blank\" title=\"Tweet this !\"><i class=\"fab fa-twitter\"><\/i><\/a><\/span>\n<span class=\"sr-linkedin\"><a data-id=\"linkedin\" style=\"color:#ffffff;\" rel=\"nofollow\" href=\"https:\/\/www.linkedin.com\/sharing\/share-offsite\/?url=\" target=\"_blank\" title=\"Add this to LinkedIn\"><i class=\"fab fa-linkedin-in\"><\/i><\/a><\/span>\n<span class=\"sr-pinterest\"><a data-pin-custom=\"true\" data-id=\"pinterest\" style=\"color:#ffffff;\" rel=\"nofollow\" href=\"https:\/\/www.pinterest.com\/pin\/create\/button\/?url=&amp;media=&amp;description=\" target=\"_blank\" title=\"Submit this to Pinterest\"><i class=\"fab fa-pinterest\"><\/i><span class=\"ctext\" data-wpsrs=\"\" data-wpsrs-svcs=\"pinterest\"><\/span><\/a><\/span>\n<span class=\"sr-print\"><a data-id=\"print\" style=\"color:#ffffff;\" rel=\"nofollow\" href=\"https:\/\/www.printfriendly.com\/print?url=\" target=\"_blank\" title=\"Print this article \"><i class=\"fa fa-print\"><\/i><\/a><\/span>\n<span class=\"sr-pdf\"><a data-id=\"pdf\" style=\"color:#ffffff;\" rel=\"nofollow\" href=\"https:\/\/www.printfriendly.com\/print?url=\" target=\"_blank\" title=\"Convert to PDF\"><i class=\"fa fa-file-pdf\"><\/i><\/a><\/span>\n<span class=\"sr-share-menu\"><a href=\"#\" target=\"_blank\" title=\"More share links\" style=\"color:#ffffff;\" data-metadata=\"{&quot;url&quot;:&quot;&quot;,&quot;title&quot;:&quot;&quot;,&quot;excerpt&quot;:&quot;&quot;,&quot;image&quot;:&quot;&quot;,&quot;short-url&quot;:&quot;&quot;,&quot;rss-url&quot;:&quot;http:\\\/\\\/donatismus.plgo.org\\\/?feed=rss2&quot;,&quot;comments-section&quot;:&quot;comments&quot;,&quot;raw-url&quot;:null,&quot;twitter-username&quot;:&quot;&quot;,&quot;fb-app-id&quot;:&quot;&quot;,&quot;fb-app-secret&quot;:&quot;&quot;}\"><i class=\"fa fa-plus\"><\/i><\/a><\/span><\/div><\/div><\/div>","protected":false},"excerpt":{"rendered":"HISTOIRE LITT\u00c9RAIRE DE L&#8217;AFRIQUE CHR\u00c9TIENNE DEPUIS LES ORIGINES JUSQU&#8217;A L&#8217;INVASION ARABE PAR PAUL MONCEAUX DOCTEUR ES LETTRES PARIS ERNEST LEROUX, \u00c9DITEUR 28, RUE BONAPARTE, 28 1901 Tome 1. Tertullien et les origines Tome 2. Saint Cyprien et son temps Tome 3. Le IV si\u00e8cle d&#8217;Arnobe \u00e0 Victorin Tome 4. Le&hellip;\n","protected":false},"author":1,"featured_media":0,"parent":9,"menu_order":1,"comment_status":"open","ping_status":"open","template":"","meta":{"footnotes":""},"class_list":["post-11","page","type-page","status-publish","hentry"],"_links":{"self":[{"href":"http:\/\/donatismus.plgo.org\/index.php?rest_route=\/wp\/v2\/pages\/11","targetHints":{"allow":["GET"]}}],"collection":[{"href":"http:\/\/donatismus.plgo.org\/index.php?rest_route=\/wp\/v2\/pages"}],"about":[{"href":"http:\/\/donatismus.plgo.org\/index.php?rest_route=\/wp\/v2\/types\/page"}],"author":[{"embeddable":true,"href":"http:\/\/donatismus.plgo.org\/index.php?rest_route=\/wp\/v2\/users\/1"}],"replies":[{"embeddable":true,"href":"http:\/\/donatismus.plgo.org\/index.php?rest_route=%2Fwp%2Fv2%2Fcomments&post=11"}],"version-history":[{"count":1,"href":"http:\/\/donatismus.plgo.org\/index.php?rest_route=\/wp\/v2\/pages\/11\/revisions"}],"predecessor-version":[{"id":12,"href":"http:\/\/donatismus.plgo.org\/index.php?rest_route=\/wp\/v2\/pages\/11\/revisions\/12"}],"up":[{"embeddable":true,"href":"http:\/\/donatismus.plgo.org\/index.php?rest_route=\/wp\/v2\/pages\/9"}],"wp:attachment":[{"href":"http:\/\/donatismus.plgo.org\/index.php?rest_route=%2Fwp%2Fv2%2Fmedia&parent=11"}],"curies":[{"name":"wp","href":"https:\/\/api.w.org\/{rel}","templated":true}]}}