{"id":2,"date":"2009-11-27T23:32:20","date_gmt":"2009-11-28T06:32:20","guid":{"rendered":"http:\/\/donatismus.plgo.info\/?page_id=2"},"modified":"2011-09-08T08:51:23","modified_gmt":"2011-09-08T15:51:23","slug":"about","status":"publish","type":"page","link":"http:\/\/donatismus.plgo.org\/?page_id=2","title":{"rendered":"About."},"content":{"rendered":"<p style=\"text-align: justify;\">Debo a Simitrio Quezada y a los excelentes amigos del grupo de Patrolog\u00eda que se me haya bautizado como \u2018Patr\u00f3logo\u2019.<\/p>\n<p style=\"text-align: justify;\">Apuntar\u00e9 que, muy a mi pesar, no lo soy.<\/p>\n<p style=\"text-align: justify;\">Me emociona la Patrolog\u00eda, los escritos de algunos Padres como Boecio y el Venerable Beda, am\u00e9n de minucias que me atrajeron desde mis d\u00edas de estudiante de humanidades.<\/p>\n<p style=\"text-align: justify;\">Lo que me alienta, y me empuja para mantener peque\u00f1os sitios como este, es precisamente el inter\u00e9s que sigue despertando ese campo en mi ser, y tambi\u00e9n el conocer y haber experimentado la desesperaci\u00f3n, la fatiga, el cansancio y desaz\u00f3n de buscar un libro o una referencia en la web y no encontrar sino despu\u00e9s de un sinf\u00edn de desvelos, una d\u00e9bil respuesta a los empe\u00f1os vertidos en esa labor de paciente diligencia.<\/p>\n<p style=\"text-align: justify;\">Mi trabajo o profesi\u00f3n poco tiene que ver con las humanidades, ni qu\u00e9 decir respecto a la Patrolog\u00eda. Pero mi trabajo o profesi\u00f3n es eso: lo que me da de comer y permite seguir sacando adelante a la familia. Lo que es mi vocaci\u00f3n, es decir, lo que nutre mi alma y mi esp\u00edritu es esto: el gusto por los escritos de los Padres, el gusto de la m\u00fasica, de la literatura, de la historia.<\/p>\n<p style=\"text-align: justify;\">Es por eso que este sitio puede ser visto m\u00e1s como una p\u00e1gina de tipo personal, bit\u00e1cora caprichosa, que como una \u00e1rida presentaci\u00f3n escolar de conocimientos, citas, materiales o fuentes de estudio.<\/p>\n<p style=\"text-align: justify;\">Espero que su paso por este sitio sea por lo menos placentero. Puede escribirme a la siguiente direcci\u00f3n de correo: me dar\u00e1 gusto contestar cualquier observaci\u00f3n que se me haga.<\/p>\n<p style=\"text-align: justify;\">Gracias por su visita.<\/p>\n<p style=\"text-align: right;\"><strong>Francisco Arriaga.<\/strong><\/p>\n<div class=\"wp-socializer wpsr-share-icons\" data-lg-action=\"show\" data-sm-action=\"show\" data-sm-width=\"768\"><h3>Share and Enjoy !<\/h3><div class=\"wpsr-si-inner\"><div class=\"wpsr-counter wpsrc-sz-32px\" style=\"color:#000\"><span class=\"scount\" data-wpsrs=\"\" data-wpsrs-svcs=\"facebook,twitter,linkedin,pinterest,print,pdf\"><i class=\"fa fa-share-alt\" aria-hidden=\"true\"><\/i><\/span><small class=\"stext\">Shares<\/small><\/div><div class=\"socializer sr-popup sr-count-1 sr-count-1 sr-32px sr-circle sr-opacity sr-pad\"><span class=\"sr-facebook\"><a data-id=\"facebook\" style=\"color:#ffffff;\" rel=\"nofollow\" href=\"https:\/\/www.facebook.com\/share.php?u=\" target=\"_blank\" title=\"Share this on Facebook\"><i class=\"fab fa-facebook-f\"><\/i><span class=\"ctext\" data-wpsrs=\"\" data-wpsrs-svcs=\"facebook\"><\/span><\/a><\/span>\n<span class=\"sr-twitter\"><a data-id=\"twitter\" style=\"color:#ffffff;\" rel=\"nofollow\" href=\"https:\/\/twitter.com\/intent\/tweet?text=%20-%20%20\" target=\"_blank\" title=\"Tweet this !\"><i class=\"fab fa-twitter\"><\/i><\/a><\/span>\n<span class=\"sr-linkedin\"><a data-id=\"linkedin\" style=\"color:#ffffff;\" rel=\"nofollow\" href=\"https:\/\/www.linkedin.com\/sharing\/share-offsite\/?url=\" target=\"_blank\" title=\"Add this to LinkedIn\"><i class=\"fab fa-linkedin-in\"><\/i><\/a><\/span>\n<span class=\"sr-pinterest\"><a data-pin-custom=\"true\" data-id=\"pinterest\" style=\"color:#ffffff;\" rel=\"nofollow\" href=\"https:\/\/www.pinterest.com\/pin\/create\/button\/?url=&amp;media=&amp;description=\" target=\"_blank\" title=\"Submit this to Pinterest\"><i class=\"fab fa-pinterest\"><\/i><span class=\"ctext\" data-wpsrs=\"\" data-wpsrs-svcs=\"pinterest\"><\/span><\/a><\/span>\n<span class=\"sr-print\"><a data-id=\"print\" style=\"color:#ffffff;\" rel=\"nofollow\" href=\"https:\/\/www.printfriendly.com\/print?url=\" target=\"_blank\" title=\"Print this article \"><i class=\"fa fa-print\"><\/i><\/a><\/span>\n<span class=\"sr-pdf\"><a data-id=\"pdf\" style=\"color:#ffffff;\" rel=\"nofollow\" href=\"https:\/\/www.printfriendly.com\/print?url=\" target=\"_blank\" title=\"Convert to PDF\"><i class=\"fa fa-file-pdf\"><\/i><\/a><\/span>\n<span class=\"sr-share-menu\"><a href=\"#\" target=\"_blank\" title=\"More share links\" style=\"color:#ffffff;\" data-metadata=\"{&quot;url&quot;:&quot;&quot;,&quot;title&quot;:&quot;&quot;,&quot;excerpt&quot;:&quot;&quot;,&quot;image&quot;:&quot;&quot;,&quot;short-url&quot;:&quot;&quot;,&quot;rss-url&quot;:&quot;http:\\\/\\\/donatismus.plgo.org\\\/?feed=rss2&quot;,&quot;comments-section&quot;:&quot;comments&quot;,&quot;raw-url&quot;:null,&quot;twitter-username&quot;:&quot;&quot;,&quot;fb-app-id&quot;:&quot;&quot;,&quot;fb-app-secret&quot;:&quot;&quot;}\"><i class=\"fa fa-plus\"><\/i><\/a><\/span><\/div><\/div><\/div>","protected":false},"excerpt":{"rendered":"Debo a Simitrio Quezada y a los excelentes amigos del grupo de Patrolog\u00eda que se me haya bautizado como \u2018Patr\u00f3logo\u2019. Apuntar\u00e9 que, muy a mi pesar, no lo soy. Me emociona la Patrolog\u00eda, los escritos de algunos Padres como Boecio y el Venerable Beda, am\u00e9n de minucias que me atrajeron&hellip;\n","protected":false},"author":1,"featured_media":0,"parent":0,"menu_order":4,"comment_status":"closed","ping_status":"closed","template":"","meta":{"footnotes":""},"class_list":["post-2","page","type-page","status-publish","hentry"],"_links":{"self":[{"href":"http:\/\/donatismus.plgo.org\/index.php?rest_route=\/wp\/v2\/pages\/2","targetHints":{"allow":["GET"]}}],"collection":[{"href":"http:\/\/donatismus.plgo.org\/index.php?rest_route=\/wp\/v2\/pages"}],"about":[{"href":"http:\/\/donatismus.plgo.org\/index.php?rest_route=\/wp\/v2\/types\/page"}],"author":[{"embeddable":true,"href":"http:\/\/donatismus.plgo.org\/index.php?rest_route=\/wp\/v2\/users\/1"}],"replies":[{"embeddable":true,"href":"http:\/\/donatismus.plgo.org\/index.php?rest_route=%2Fwp%2Fv2%2Fcomments&post=2"}],"version-history":[{"count":7,"href":"http:\/\/donatismus.plgo.org\/index.php?rest_route=\/wp\/v2\/pages\/2\/revisions"}],"predecessor-version":[{"id":125,"href":"http:\/\/donatismus.plgo.org\/index.php?rest_route=\/wp\/v2\/pages\/2\/revisions\/125"}],"wp:attachment":[{"href":"http:\/\/donatismus.plgo.org\/index.php?rest_route=%2Fwp%2Fv2%2Fmedia&parent=2"}],"curies":[{"name":"wp","href":"https:\/\/api.w.org\/{rel}","templated":true}]}}