{"id":84,"date":"2010-01-10T20:51:03","date_gmt":"2010-01-11T03:51:03","guid":{"rendered":"http:\/\/donatismus.plgo.info\/?page_id=84"},"modified":"2010-01-10T20:56:13","modified_gmt":"2010-01-11T03:56:13","slug":"migne-patrologia-latina-xliii-sancti-aurelii-hipponensis-episcopi-opera-omnia-tomus-nonus-1841","status":"publish","type":"page","link":"http:\/\/donatismus.plgo.org\/?page_id=84","title":{"rendered":"Migne. Patrologia Latina XLIII. Sancti Aurelii Hipponensis Episcopi. Opera Omnia. Tomus Nonus. 1841."},"content":{"rendered":"<p style=\"text-align: center;\"><strong>SANCTI AURELIIAUGUSTINI<\/p>\n<p style=\"text-align: center;\">HIPPONENSIS EPISCOPI<\/p>\n<p><\/strong><\/p>\n<p><strong><\/p>\n<h2 style=\"text-align: center;\">OPERA OMNIA,<\/h2>\n<p><\/strong><\/p>\n<p style=\"text-align: center;\">POST LOVANIENSIUM THEOLOGORUM RECENSIONEM<\/p>\n<p style=\"text-align: center;\">CASTIGATA DENUO AD MANUSCRIPTOS CODICES GALLICOS, VATICANOS, BELGICOS, ETC.,<\/p>\n<p style=\"text-align: center;\">NECNON AD EDITIONES ANTIQUIORES ET CASTIGATIORES,<\/p>\n<p style=\"text-align: center;\">OPERA ET STUDIO<\/p>\n<p style=\"text-align: center;\">MONACHORUM ORDINIS SANCTI BENEDICTI<br \/>\nE CONGREGATIONE S. MAURI.<\/p>\n<p style=\"text-align: center;\">Editio noviffima, emendata et auctior,<\/p>\n<p style=\"text-align: center;\">Accurante M****, Cursuum completorum Editore.<\/p>\n<p style=\"text-align: center;\"><strong>TOMUS NONUS.<\/strong><\/p>\n<p style=\"text-align: center;\">PARISIIS<\/p>\n<p style=\"text-align: center;\">VENIT APUD EDITOREM IN VICO DICTO MONTROUGE, JUXTA PORTAM INFERNI,<br \/>\nGALLICE: PR\u00e8S LA BARRI\u00e8RE D&#8217;ENFER.<\/p>\n<p style=\"text-align: center;\">1841.<br \/>\n<a title='Lien vers le document' href='http:\/\/gallica.bnf.fr\/ark:\/12148\/bpt6k5494184q'><img alt='Patrologiae cursus completus, sive Bibliotheca universalis, integra, uniformis, commoda, oeconomica omnium s. s. Patrum, doctorum scriptorumque ecclesiasticorum qui ab aevo apostolico ad usque Innocenti III tempora floruerunt.... Tome 9 \/ accurante J.-P. Migne,...' src='http:\/\/gallica.bnf.fr\/ark:\/12148\/bpt6k5494184q.lowres' \/><br \/>Patrologiae cursus completus, sive Bibliotheca universalis, integra, uniformis, commoda, oeconomica omnium s. s. Patrum, doctorum scriptorumque ecclesiasticorum qui ab aevo apostolico ad usque Innocenti III tempora floruerunt&#8230;. Tome 9 \/ accurante J.-P. Migne,&#8230; <br \/> Source: Biblioth\u00e8que nationale de France <\/a><\/p>\n<blockquote><p><strong>ELENCHUS OPERUM<br \/>\nQU\u00c6 IN HOC NONO TOMO CONTINENTUR.<\/strong><\/p>\n<p>PSALMUS CONTRA PATEM DONATI. PAG. 23<br \/>\nCONTRA EPISTOLAM PARMENIANI LIBRI III. 33<br \/>\nDE BAPTISMO CONTRA DONATISTAS LIBRI VII. 107<br \/>\nCONTRA LITTERAS PETILIANI LIBRI III. 245<br \/>\nEPISTOLA AD CATHOLICOS CONTRA DONATISTAS, vulgo DE UNITATE ECCLESI\u00c6 LIBER UNUS. 391<br \/>\nCONTRA CRESCONIUM GRAMMATICUM DONATISTAM LIBRI IV. 445<br \/>\nDE UNICO BAPTISMO CONTRA PETILIANUM. 595<br \/>\nBREVICULUS COLLATIONIS CUM DONATISTIS. 613<br \/>\nPOST COLLATIONEM AD DONATISTAS LIBER UNUS. 651<br \/>\nSERMO AD C\u00c6SAREENSIS ECCLESI\u00c6 PLEBEM EMERITO PR\u00c6SENTE HABITUS. 689<br \/>\nDE GESTIS CUM EMERITO LIBER UNUS. 697<br \/>\nCONTRA GAUDENTIUM DONATISTARUM EPISCOPUM LIBRI II. 707<br \/>\nSERMO DE RUSTICANO SUBDIACONO A DONATISTIS REBAPTIZATO ET IN DIACONUM ORDINATO. 753<\/p>\n<p><strong>CONTENTA IN APPENDICE.<\/strong><\/p>\n<p>CONTRA FULGENTIUM DONATISTAM INCERTI AUCTORIS LIBER. 763<br \/>\nEXCEPTA ET SCRIPTA VETERA AD DONATISTARUM HISTORIAM PERTINENTIA. 773<\/p>\n<p>EX TYPIS CATHOLICIS MIGNE, IN VICO DICTO MONTROUGE,<br \/>\nJuxta portam Inferni Parisiorum, Gallice: pr\u00e8s la barri\u00e8re d&#8217;Enfer de Paris.<\/p><\/blockquote>\n<div class=\"wp-socializer wpsr-share-icons\" data-lg-action=\"show\" data-sm-action=\"show\" data-sm-width=\"768\"><h3>Share and Enjoy !<\/h3><div class=\"wpsr-si-inner\"><div class=\"wpsr-counter wpsrc-sz-32px\" style=\"color:#000\"><span class=\"scount\" data-wpsrs=\"\" data-wpsrs-svcs=\"facebook,twitter,linkedin,pinterest,print,pdf\"><i class=\"fa fa-share-alt\" aria-hidden=\"true\"><\/i><\/span><small class=\"stext\">Shares<\/small><\/div><div class=\"socializer sr-popup sr-count-1 sr-count-1 sr-32px sr-circle sr-opacity sr-pad\"><span class=\"sr-facebook\"><a data-id=\"facebook\" style=\"color:#ffffff;\" rel=\"nofollow\" href=\"https:\/\/www.facebook.com\/share.php?u=\" target=\"_blank\" title=\"Share this on Facebook\"><i class=\"fab fa-facebook-f\"><\/i><span class=\"ctext\" data-wpsrs=\"\" data-wpsrs-svcs=\"facebook\"><\/span><\/a><\/span>\n<span class=\"sr-twitter\"><a data-id=\"twitter\" style=\"color:#ffffff;\" rel=\"nofollow\" href=\"https:\/\/twitter.com\/intent\/tweet?text=%20-%20%20\" target=\"_blank\" title=\"Tweet this !\"><i class=\"fab fa-twitter\"><\/i><\/a><\/span>\n<span class=\"sr-linkedin\"><a data-id=\"linkedin\" style=\"color:#ffffff;\" rel=\"nofollow\" href=\"https:\/\/www.linkedin.com\/sharing\/share-offsite\/?url=\" target=\"_blank\" title=\"Add this to LinkedIn\"><i class=\"fab fa-linkedin-in\"><\/i><\/a><\/span>\n<span class=\"sr-pinterest\"><a data-pin-custom=\"true\" data-id=\"pinterest\" style=\"color:#ffffff;\" rel=\"nofollow\" href=\"https:\/\/www.pinterest.com\/pin\/create\/button\/?url=&amp;media=&amp;description=\" target=\"_blank\" title=\"Submit this to Pinterest\"><i class=\"fab fa-pinterest\"><\/i><span class=\"ctext\" data-wpsrs=\"\" data-wpsrs-svcs=\"pinterest\"><\/span><\/a><\/span>\n<span class=\"sr-print\"><a data-id=\"print\" style=\"color:#ffffff;\" rel=\"nofollow\" href=\"https:\/\/www.printfriendly.com\/print?url=\" target=\"_blank\" title=\"Print this article \"><i class=\"fa fa-print\"><\/i><\/a><\/span>\n<span class=\"sr-pdf\"><a data-id=\"pdf\" style=\"color:#ffffff;\" rel=\"nofollow\" href=\"https:\/\/www.printfriendly.com\/print?url=\" target=\"_blank\" title=\"Convert to PDF\"><i class=\"fa fa-file-pdf\"><\/i><\/a><\/span>\n<span class=\"sr-share-menu\"><a href=\"#\" target=\"_blank\" title=\"More share links\" style=\"color:#ffffff;\" data-metadata=\"{&quot;url&quot;:&quot;&quot;,&quot;title&quot;:&quot;&quot;,&quot;excerpt&quot;:&quot;&quot;,&quot;image&quot;:&quot;&quot;,&quot;short-url&quot;:&quot;&quot;,&quot;rss-url&quot;:&quot;http:\\\/\\\/donatismus.plgo.org\\\/?feed=rss2&quot;,&quot;comments-section&quot;:&quot;comments&quot;,&quot;raw-url&quot;:null,&quot;twitter-username&quot;:&quot;&quot;,&quot;fb-app-id&quot;:&quot;&quot;,&quot;fb-app-secret&quot;:&quot;&quot;}\"><i class=\"fa fa-plus\"><\/i><\/a><\/span><\/div><\/div><\/div>","protected":false},"excerpt":{"rendered":"SANCTI AURELIIAUGUSTINI HIPPONENSIS EPISCOPI OPERA OMNIA, POST LOVANIENSIUM THEOLOGORUM RECENSIONEM CASTIGATA DENUO AD MANUSCRIPTOS CODICES GALLICOS, VATICANOS, BELGICOS, ETC., NECNON AD EDITIONES ANTIQUIORES ET CASTIGATIORES, OPERA ET STUDIO MONACHORUM ORDINIS SANCTI BENEDICTI E CONGREGATIONE S. MAURI. Editio noviffima, emendata et auctior, Accurante M****, Cursuum completorum Editore. TOMUS NONUS. PARISIIS VENIT&hellip;\n","protected":false},"author":1,"featured_media":0,"parent":9,"menu_order":6,"comment_status":"open","ping_status":"open","template":"","meta":{"footnotes":""},"class_list":["post-84","page","type-page","status-publish","hentry"],"_links":{"self":[{"href":"http:\/\/donatismus.plgo.org\/index.php?rest_route=\/wp\/v2\/pages\/84","targetHints":{"allow":["GET"]}}],"collection":[{"href":"http:\/\/donatismus.plgo.org\/index.php?rest_route=\/wp\/v2\/pages"}],"about":[{"href":"http:\/\/donatismus.plgo.org\/index.php?rest_route=\/wp\/v2\/types\/page"}],"author":[{"embeddable":true,"href":"http:\/\/donatismus.plgo.org\/index.php?rest_route=\/wp\/v2\/users\/1"}],"replies":[{"embeddable":true,"href":"http:\/\/donatismus.plgo.org\/index.php?rest_route=%2Fwp%2Fv2%2Fcomments&post=84"}],"version-history":[{"count":2,"href":"http:\/\/donatismus.plgo.org\/index.php?rest_route=\/wp\/v2\/pages\/84\/revisions"}],"predecessor-version":[{"id":86,"href":"http:\/\/donatismus.plgo.org\/index.php?rest_route=\/wp\/v2\/pages\/84\/revisions\/86"}],"up":[{"embeddable":true,"href":"http:\/\/donatismus.plgo.org\/index.php?rest_route=\/wp\/v2\/pages\/9"}],"wp:attachment":[{"href":"http:\/\/donatismus.plgo.org\/index.php?rest_route=%2Fwp%2Fv2%2Fmedia&parent=84"}],"curies":[{"name":"wp","href":"https:\/\/api.w.org\/{rel}","templated":true}]}}